{"id":205,"date":"2026-04-21T19:34:33","date_gmt":"2026-04-21T19:34:33","guid":{"rendered":"https:\/\/rivieraalpsdrive.com\/home-2\/"},"modified":"2026-04-29T05:29:00","modified_gmt":"2026-04-29T05:29:00","slug":"home-2","status":"publish","type":"page","link":"https:\/\/rivieraalpsdrive.com\/en\/","title":{"rendered":"Riviera Alps Drive"},"content":{"rendered":"<div class=\"wp-block-uagb-container uagb-layout-flex uagb-block-52a5e7a5 alignfull uagb-is-root-container\"><div class=\"uagb-container-inner-blocks-wrap\">\n<div class=\"wp-block-uagb-info-box uagb-block-0c3037de uagb-infobox__content-wrap  uagb-infobox-icon-above-title uagb-infobox-image-valign-top wp-block-uagb-info-box--has-margin\"><div class=\"uagb-infobox-margin-wrapper\"><div class=\"uagb-ifb-content\"><div class=\"uagb-ifb-title-wrap\"><div class=\"uagb-ifb-separator\"><\/div><h1 class=\"uagb-ifb-title\">Private Driver on the French Riviera \u2013 24\/7<\/h1><\/div><div class=\"uagb-ifb-button-wrapper wp-block-button\"><a href=\"https:\/\/wa.me\/33610714212\" class=\"uagb-infobox-cta-link wp-block-button__link\" target=\"_self\" rel=\"noopener noreferrer\" onclick=\"return true;\"><span class=\"uagb-inline-editing\">Book a driver <\/span><\/a><\/div><\/div><\/div><\/div>\n\n\n\n<div class=\"wp-block-uagb-advanced-heading uagb-block-0a094371\"><div class=\"uagb-heading-text\"><strong>Airport transfers &amp; private rides across the French Riviera<\/strong><\/div><p class=\"uagb-desc-text\">Fast booking \u2013 Response within minutes<\/p><\/div>\n<\/div><\/div>\n\n\n\n<div class=\"wp-block-uagb-container uagb-block-6d4e3205 alignfull uagb-is-root-container\"><div class=\"uagb-container-inner-blocks-wrap\">\n<div class=\"wp-block-uagb-image uagb-block-41997195 wp-block-uagb-image--layout-default wp-block-uagb-image--effect-static wp-block-uagb-image--align-none uag-blocks-common-selector\" style=\"--z-index-desktop:1;;--z-index-tablet:undefined;;--z-index-mobile:undefined;\"><figure class=\"wp-block-uagb-image__figure\"><img decoding=\"async\" srcset=\"https:\/\/rivieraalpsdrive.com\/wp-content\/uploads\/2026\/04\/pexels-photo-11877373.jpeg ,https:\/\/rivieraalpsdrive.com\/wp-content\/uploads\/2026\/04\/pexels-photo-11877373.jpeg 780w, https:\/\/rivieraalpsdrive.com\/wp-content\/uploads\/2026\/04\/pexels-photo-11877373.jpeg 360w\" sizes=\"auto, (max-width: 480px) 150px\" src=\"https:\/\/rivieraalpsdrive.com\/wp-content\/uploads\/2026\/04\/pexels-photo-11877373.jpeg\" alt=\"A luxury black car with tinted windows parked at a city overlook during dusk, reflecting twilight hues.\" class=\"uag-image-56\" width=\"1200\" height=\"500\" title=\"home-hero\" loading=\"lazy\" role=\"img\"\/><\/figure><\/div>\n\n\n\n<div class=\"wp-block-uagb-advanced-heading uagb-block-c1430afc\"><div class=\"uagb-heading-text\">About Us<\/div><div class=\"uagb-separator\"><\/div><\/div>\n\n\n\n<div class=\"wp-block-uagb-container uagb-layout-grid uagb-block-872fa012\">\n<div class=\"wp-block-uagb-image alignleft uagb-block-c5491060 wp-block-uagb-image--layout-default wp-block-uagb-image--effect-static wp-block-uagb-image--align-left\"><figure class=\"wp-block-uagb-image__figure\"><img decoding=\"async\" srcset=\"https:\/\/rivieraalpsdrive.com\/wp-content\/uploads\/2026\/04\/ChatGPT-Image-28-apr.-2026-21_47_01.png 1536w, https:\/\/rivieraalpsdrive.com\/wp-content\/uploads\/2026\/04\/ChatGPT-Image-28-apr.-2026-21_47_01-300x200.png 300w, https:\/\/rivieraalpsdrive.com\/wp-content\/uploads\/2026\/04\/ChatGPT-Image-28-apr.-2026-21_47_01-1024x683.png 1024w, https:\/\/rivieraalpsdrive.com\/wp-content\/uploads\/2026\/04\/ChatGPT-Image-28-apr.-2026-21_47_01-768x512.png 768w, https:\/\/rivieraalpsdrive.com\/wp-content\/uploads\/2026\/04\/ChatGPT-Image-28-apr.-2026-21_47_01-18x12.png 18w\" sizes=\"auto, (max-width: 480px) 150px\" src=\"https:\/\/rivieraalpsdrive.com\/wp-content\/uploads\/2026\/04\/ChatGPT-Image-28-apr.-2026-21_47_01.png\" alt=\"chatgpt image 28 apr. 2026, 21 24 30\" class=\"uag-image-416\" width=\"548\" height=\"342\" title=\"chatgpt image 28 apr. 2026, 21 24 30\" loading=\"lazy\" role=\"img\"\/><\/figure><\/div>\n\n\n\n<div class=\"wp-block-uagb-container uagb-layout-flex uagb-block-9f20c438\">\n<div class=\"wp-block-uagb-advanced-heading uagb-block-6c26d2ee\"><h3 class=\"uagb-heading-text\">A reliable, punctual and fully personalized service tailored to your needs<\/h3><\/div>\n\n\n\n<div class=\"wp-block-uagb-image uagb-block-3a4acf19 wp-block-uagb-image--layout-default wp-block-uagb-image--effect-static wp-block-uagb-image--align-none\"><figure class=\"wp-block-uagb-image__figure\"><img decoding=\"async\" srcset=\"https:\/\/rivieraalpsdrive.com\/wp-content\/uploads\/2026\/04\/pexels-photo-35391427.jpeg ,https:\/\/rivieraalpsdrive.com\/wp-content\/uploads\/2026\/04\/pexels-photo-35391427.jpeg 780w, https:\/\/rivieraalpsdrive.com\/wp-content\/uploads\/2026\/04\/pexels-photo-35391427.jpeg 360w\" sizes=\"auto, (max-width: 480px) 150px\" src=\"https:\/\/rivieraalpsdrive.com\/wp-content\/uploads\/2026\/04\/pexels-photo-35391427.jpeg\" alt=\"Black and white photo of man in coat exiting a car on a city street.\" class=\"uag-image-57\" width=\"650\" height=\"400\" title=\"about-us\" loading=\"lazy\" role=\"img\"\/><\/figure><\/div>\n\n\n\n<div class=\"wp-block-uagb-info-box uagb-block-b216a928 uagb-infobox__content-wrap  uagb-infobox-icon-above-title uagb-infobox-image-valign-top wp-block-uagb-info-box--has-margin\"><div class=\"uagb-infobox-margin-wrapper\"><div class=\"uagb-ifb-content\"><div class=\"uagb-ifb-title-wrap\"><\/div><p class=\"uagb-ifb-desc\">We offer airport transfers, private journeys and business travel across the French Riviera.<br>With Riviera Alps Drive, you benefit from a comfortable, punctual and discreet service tailored to each client.<\/p><div class=\"uagb-ifb-button-wrapper wp-block-button\"><a href=\"https:\/\/wa.me\/33610714212\" class=\"uagb-infobox-cta-link wp-block-button__link\" target=\"_self\" rel=\"noopener noreferrer\" onclick=\"return true;\"><span class=\"uagb-inline-editing\">Contact Us<\/span><\/a><\/div><\/div><\/div><\/div>\n<\/div>\n<\/div>\n\n\n\n<div class=\"wp-block-uagb-advanced-heading uagb-block-257301db\"><p class=\"uagb-heading-text\"><strong>Why Choose Us<\/strong><\/p><div class=\"uagb-separator\"><\/div><\/div>\n\n\n\n<div class=\"wp-block-uagb-container uagb-layout-flex uagb-block-d836a3f7\">\n<div class=\"wp-block-uagb-info-box uagb-block-5fb96413 uagb-infobox__content-wrap  uagb-infobox-icon-above-title uagb-infobox-image-valign-top wp-block-uagb-info-box--has-margin\"><div class=\"uagb-infobox-margin-wrapper\"><div class=\"uagb-ifb-content\"><div class=\"uagb-ifb-title-wrap\"><h3 class=\"uagb-ifb-title-prefix\">\ud83d\udfe1 <\/h3><h4 class=\"uagb-ifb-title\">24\/7 Availability<\/h4><\/div><p class=\"uagb-ifb-desc\"><br>Transport available at any time, according to your needs.<\/p><\/div><\/div><\/div>\n\n\n\n<div class=\"wp-block-uagb-info-box uagb-block-81a43f00 uagb-infobox__content-wrap  uagb-infobox-icon-above-title uagb-infobox-image-valign-top wp-block-uagb-info-box--has-margin\"><div class=\"uagb-infobox-margin-wrapper\"><div class=\"uagb-ifb-content\"><div class=\"uagb-ifb-title-wrap\"><h3 class=\"uagb-ifb-title-prefix\">\ud83d\udfe1 <\/h3><h4 class=\"uagb-ifb-title\">Guaranteed Punctuality<br><\/h4><\/div><p class=\"uagb-ifb-desc\"><br>Arrive on time, stress-free and without delays.<\/p><\/div><\/div><\/div>\n\n\n\n<div class=\"wp-block-uagb-info-box uagb-block-7808e759 uagb-infobox__content-wrap  uagb-infobox-icon-above-title uagb-infobox-image-valign-top wp-block-uagb-info-box--has-margin\"><div class=\"uagb-infobox-margin-wrapper\"><div class=\"uagb-ifb-content\"><div class=\"uagb-ifb-title-wrap\"><h3 class=\"uagb-ifb-title-prefix\">\ud83d\udfe1 <\/h3><h4 class=\"uagb-ifb-title\">Comfort &amp; Space<br><\/h4><\/div><p class=\"uagb-ifb-desc\"><br>Spacious and comfortable vehicles, ideal for all your journeys.<\/p><\/div><\/div><\/div>\n\n\n\n<div class=\"wp-block-uagb-info-box uagb-block-08175930 uagb-infobox__content-wrap  uagb-infobox-icon-above-title uagb-infobox-image-valign-top wp-block-uagb-info-box--has-margin\"><div class=\"uagb-infobox-margin-wrapper\"><div class=\"uagb-ifb-content\"><div class=\"uagb-ifb-title-wrap\"><h3 class=\"uagb-ifb-title-prefix\"><strong>\ud83d\udfe1 <\/strong><\/h3><h4 class=\"uagb-ifb-title\"><strong>Personalized Service<\/strong><br><\/h4><\/div><p class=\"uagb-ifb-desc\"><br>Every journey is fully tailored to your needs.<\/p><\/div><\/div><\/div>\n<\/div>\n<\/div><\/div>\n\n\n\n<div class=\"wp-block-uagb-container uagb-block-08bdc66b alignfull uagb-is-root-container\"><div class=\"uagb-container-inner-blocks-wrap\">\n<div class=\"wp-block-uagb-advanced-heading uagb-block-8a25e220\"><p class=\"uagb-heading-text\">Our Services<\/p><div class=\"uagb-separator\"><\/div><\/div>\n\n\n\n<div class=\"wp-block-uagb-container uagb-layout-grid uagb-block-5c68a50a\">\n<div class=\"wp-block-uagb-image uagb-block-53f5dea3 wp-block-uagb-image--layout-default wp-block-uagb-image--effect-static wp-block-uagb-image--align-none\"><figure class=\"wp-block-uagb-image__figure\"><img decoding=\"async\" srcset=\"https:\/\/rivieraalpsdrive.com\/wp-content\/uploads\/2026\/04\/pexels-photo-17455633.jpeg ,https:\/\/rivieraalpsdrive.com\/wp-content\/uploads\/2026\/04\/pexels-photo-17455633.jpeg 780w, https:\/\/rivieraalpsdrive.com\/wp-content\/uploads\/2026\/04\/pexels-photo-17455633.jpeg 360w\" sizes=\"auto, (max-width: 480px) 150px\" src=\"https:\/\/rivieraalpsdrive.com\/wp-content\/uploads\/2026\/04\/pexels-photo-17455633.jpeg\" alt=\"A stylish black Mercedes-Benz van parked on a bustling city street, showcasing luxury and modern design.\" class=\"uag-image-58\" width=\"420\" height=\"410\" title=\"services-05\" loading=\"lazy\" role=\"img\"\/><\/figure><\/div>\n\n\n\n<div class=\"wp-block-uagb-container uagb-block-778f7e32\">\n<div class=\"wp-block-uagb-info-box uagb-block-f0b253e0 uagb-infobox__content-wrap  uagb-infobox-icon-above-title uagb-infobox-image-valign-top\"><div class=\"uagb-ifb-content\"><div class=\"uagb-ifb-title-wrap\"><span class=\"uagb-ifb-title-prefix\">\ud83d\udfe1<\/span><div class=\"uagb-ifb-separator\"><\/div><h3 class=\"uagb-ifb-title\">Airport Transfers<\/h3><\/div><p class=\"uagb-ifb-desc\"><br>Transport service to and from Nice Airport, with flight tracking and personalized meet and greet.<\/p><div class=\"uagb-ifb-button-wrapper wp-block-button\"><a href=\"https:\/\/wa.me\/33610714212\" target=\"_self\" onclick=\"return true;\" class=\"uagb-infobox-cta-link\" rel=\"noopener noreferrer\"><span class=\"uagb-inline-editing\">Book Now<\/span><\/a><\/div><\/div><\/div>\n\n\n\n<div class=\"wp-block-uagb-info-box uagb-block-f9ac84ae uagb-infobox__content-wrap  uagb-infobox-icon-above-title uagb-infobox-image-valign-top\"><div class=\"uagb-ifb-content\"><div class=\"uagb-ifb-title-wrap\"><span class=\"uagb-ifb-title-prefix\">\ud83d\udfe1<\/span><div class=\"uagb-ifb-separator\"><\/div><h3 class=\"uagb-ifb-title\">Long-Distance Transfers<\/h3><\/div><p class=\"uagb-ifb-desc\">Travel to Cannes, Monaco, Saint-Tropez and across the French Riviera with complete peace of mind.<\/p><div class=\"uagb-ifb-button-wrapper wp-block-button\"><a href=\"https:\/\/wa.me\/33610714212\" target=\"_self\" onclick=\"return true;\" class=\"uagb-infobox-cta-link\" rel=\"noopener noreferrer\"><span class=\"uagb-inline-editing\">Book Now<\/span><\/a><\/div><\/div><\/div>\n<\/div>\n<\/div>\n\n\n\n<div class=\"wp-block-uagb-container uagb-layout-grid uagb-block-6d729892\">\n<div class=\"wp-block-uagb-container uagb-block-44fb29ae\">\n<div class=\"wp-block-uagb-info-box uagb-block-6a4682cb uagb-infobox__content-wrap  uagb-infobox-icon-above-title uagb-infobox-image-valign-top\"><div class=\"uagb-ifb-content\"><div class=\"uagb-ifb-title-wrap\"><span class=\"uagb-ifb-title-prefix\">\ud83d\udfe1<\/span><div class=\"uagb-ifb-separator\"><\/div><h3 class=\"uagb-ifb-title\">Private Chauffeur at Your Disposal<\/h3><\/div><p class=\"uagb-ifb-desc\">Private chauffeur at your disposal for a few hours or the entire day, depending on your needs.<\/p><div class=\"uagb-ifb-button-wrapper wp-block-button\"><a href=\"https:\/\/wa.me\/33610714212\" target=\"_self\" onclick=\"return true;\" class=\"uagb-infobox-cta-link\" rel=\"noopener noreferrer\"><span class=\"uagb-inline-editing\">Request a Quote<\/span><\/a><\/div><\/div><\/div>\n<\/div>\n\n\n\n<div class=\"wp-block-uagb-image uagb-block-107767f8 wp-block-uagb-image--layout-default wp-block-uagb-image--effect-static wp-block-uagb-image--align-none\"><figure class=\"wp-block-uagb-image__figure\"><img decoding=\"async\" srcset=\"https:\/\/rivieraalpsdrive.com\/wp-content\/uploads\/2026\/04\/pexels-photo-8425044.jpeg ,https:\/\/rivieraalpsdrive.com\/wp-content\/uploads\/2026\/04\/pexels-photo-8425044.jpeg 780w, https:\/\/rivieraalpsdrive.com\/wp-content\/uploads\/2026\/04\/pexels-photo-8425044.jpeg 360w\" sizes=\"auto, (max-width: 480px) 150px\" src=\"https:\/\/rivieraalpsdrive.com\/wp-content\/uploads\/2026\/04\/pexels-photo-8425044.jpeg\" alt=\"A man in a suit opens a luxury car door under raindrops on stone pavement.\" class=\"uag-image-59\" width=\"750\" height=\"410\" title=\"services-06\" loading=\"lazy\" role=\"img\"\/><\/figure><\/div>\n<\/div>\n<\/div><\/div>\n\n\n\n<div class=\"wp-block-uagb-container uagb-block-65effa8e alignfull uagb-is-root-container\"><div class=\"uagb-container-inner-blocks-wrap\">\n<div class=\"wp-block-uagb-info-box uagb-block-091c583e uagb-infobox__content-wrap  uagb-infobox-icon-above-title uagb-infobox-image-valign-top\"><div class=\"uagb-ifb-content\"><div class=\"uagb-ifb-title-wrap\"><h2 class=\"uagb-ifb-title\">Need a driver?<\/h2><\/div><p class=\"uagb-ifb-desc\">Book now with Riviera Alps Drive.<\/p><div class=\"uagb-ifb-button-wrapper wp-block-button\"><a href=\"https:\/\/wa.me\/33610714212\" class=\"uagb-infobox-cta-link wp-block-button__link\" target=\"_self\" rel=\"noopener noreferrer\" onclick=\"return true;\"><span class=\"uagb-inline-editing\">Book Now<\/span><\/a><\/div><\/div><\/div>\n\n\n\n<div class=\"wp-block-buttons has-custom-font-size has-small-font-size is-horizontal is-content-justification-center is-layout-flex wp-container-core-buttons-is-layout-84a23db0 wp-block-buttons-is-layout-flex\" style=\"margin-top:var(--wp--preset--spacing--80);margin-bottom:var(--wp--preset--spacing--80);padding-top:var(--wp--preset--spacing--40);padding-right:var(--wp--preset--spacing--20);padding-bottom:var(--wp--preset--spacing--40);padding-left:var(--wp--preset--spacing--20)\">\n<div class=\"wp-block-button is-style-fill\"><a class=\"wp-block-button__link has-ast-global-color-2-color has-black-background-color has-text-color has-background has-link-color has-medium-font-size has-custom-font-size wp-element-button\" href=\"https:\/\/rivieraalpsdrive.com\/en\/tarifs-prestations\/\" style=\"border-style:none;border-width:0px\"><strong>Check Our Pricing<\/strong><\/a><\/div>\n<\/div>\n<\/div><\/div>\n\n\n\n<div class=\"wp-block-uagb-container uagb-block-83548667 alignfull uagb-is-root-container\"><div class=\"uagb-container-inner-blocks-wrap\">\n<div class=\"wp-block-uagb-advanced-heading uagb-block-e0cb5439\"><p class=\"uagb-heading-text\"><strong>Our Commitments<\/strong><\/p><div class=\"uagb-separator\"><\/div><\/div>\n\n\n\n<div class=\"wp-block-uagb-advanced-heading uagb-block-8206bff7\"><h2 class=\"uagb-heading-text\">A reliable and comfortable service<\/h2><\/div>\n\n\n\n<div class=\"wp-block-uagb-container uagb-layout-grid uagb-block-ac52fa34\">\n<div class=\"wp-block-uagb-image uagb-block-b9c7f8af wp-block-uagb-image--layout-default wp-block-uagb-image--effect-static wp-block-uagb-image--align-none\"><figure class=\"wp-block-uagb-image__figure\"><img decoding=\"async\" srcset=\"https:\/\/rivieraalpsdrive.com\/wp-content\/uploads\/2026\/04\/pexels-photo-14541156.jpeg ,https:\/\/rivieraalpsdrive.com\/wp-content\/uploads\/2026\/04\/pexels-photo-14541156.jpeg 780w, https:\/\/rivieraalpsdrive.com\/wp-content\/uploads\/2026\/04\/pexels-photo-14541156.jpeg 360w\" sizes=\"auto, (max-width: 480px) 150px\" src=\"https:\/\/rivieraalpsdrive.com\/wp-content\/uploads\/2026\/04\/pexels-photo-14541156.jpeg\" alt=\"Close-up of a hand opening a car door showcasing elegant attire and style.\" class=\"uag-image-60\" width=\"700\" height=\"470\" title=\"why-choose-us\" loading=\"lazy\" role=\"img\"\/><\/figure><\/div>\n\n\n\n<div class=\"wp-block-uagb-container uagb-block-45ff912f\">\n<div class=\"wp-block-uagb-container uagb-layout-grid uagb-block-8e62ac0a\">\n<div class=\"wp-block-uagb-advanced-heading uagb-block-b8e76fe9\"><h2 class=\"uagb-heading-text\">\ud83d\udfe1<\/h2><\/div>\n\n\n\n<div class=\"wp-block-uagb-advanced-heading uagb-block-45c96698\"><h3 class=\"uagb-heading-text\">Comfort &amp; Space<\/h3><p class=\"uagb-desc-text\">Our vehicles are equipped to ensure optimal comfort during every journey, for groups and their luggage.<\/p><\/div>\n<\/div>\n\n\n\n<div class=\"wp-block-uagb-container uagb-layout-grid uagb-block-817552aa\">\n<div class=\"wp-block-uagb-advanced-heading uagb-block-90bf524c\"><h2 class=\"uagb-heading-text\">\ud83d\udfe1<\/h2><\/div>\n\n\n\n<div class=\"wp-block-uagb-advanced-heading uagb-block-d813235b\"><h3 class=\"uagb-heading-text\">24\/7 Availability<\/h3><p class=\"uagb-desc-text\">Our service is available day and night to meet all your transportation needs at any time.<\/p><\/div>\n<\/div>\n\n\n\n<div class=\"wp-block-uagb-container uagb-layout-grid uagb-block-78fbfab3\">\n<div class=\"wp-block-uagb-advanced-heading uagb-block-db61aa38\"><h2 class=\"uagb-heading-text\">\ud83d\udfe1<\/h2><\/div>\n\n\n\n<div class=\"wp-block-uagb-advanced-heading uagb-block-37613d6c\"><h3 class=\"uagb-heading-text\">Easy Booking<\/h3><p class=\"uagb-desc-text\">Book in just a few clicks by phone or WhatsApp, and enjoy a tailored service.<\/p><\/div>\n<\/div>\n<\/div>\n<\/div>\n<\/div><\/div>\n\n\n\n<div class=\"wp-block-uagb-container uagb-block-585a2e04 alignfull uagb-is-root-container\"><div class=\"uagb-container-inner-blocks-wrap\">\n<div class=\"wp-block-uagb-advanced-heading uagb-block-88971b21\"><p class=\"uagb-heading-text\">What Our Clients Say<\/p><div class=\"uagb-separator\"><\/div><\/div>\n\n\n\n<div class=\"wp-block-uagb-container uagb-layout-grid uagb-block-ed920848\">\n<div class=\"wp-block-uagb-advanced-heading uagb-block-a7ca570d\"><h2 class=\"uagb-heading-text\"><strong>Customer Reviews<\/strong><\/h2><\/div>\n\n\n\n<div class=\"wp-block-uagb-container uagb-block-5627342a\">\n<div class=\"wp-block-uagb-container uagb-layout-grid uagb-block-371000e3\">\n<div class=\"wp-block-uagb-image alignleft uagb-block-f27c3b15 wp-block-uagb-image--layout-default wp-block-uagb-image--effect-static wp-block-uagb-image--align-left\"><figure class=\"wp-block-uagb-image__figure\"><img decoding=\"async\" srcset=\"https:\/\/rivieraalpsdrive.com\/wp-content\/uploads\/2024\/06\/testimonial-skip-01.jpg ,https:\/\/rivieraalpsdrive.com\/wp-content\/uploads\/2024\/06\/testimonial-skip-01.jpg 780w, https:\/\/rivieraalpsdrive.com\/wp-content\/uploads\/2024\/06\/testimonial-skip-01.jpg 360w\" sizes=\"auto, (max-width: 480px) 150px\" src=\"https:\/\/rivieraalpsdrive.com\/wp-content\/uploads\/2024\/06\/testimonial-skip-01.jpg\" alt=\"Testimonial Skip 01\" class=\"uag-image-150\" width=\"80\" height=\"80\" title=\"testimonial-skip-01\" loading=\"lazy\" role=\"img\"><\/figure><\/div>\n\n\n\n<div class=\"wp-block-uagb-advanced-heading uagb-block-cd070e4e\"><p class=\"uagb-heading-text\"><strong>\u2b50\ufe0f\u2b50\ufe0f\u2b50\ufe0f\u2b50\ufe0f\u2b50\ufe0f<\/strong><br>\"Very punctual and professional service. Highly recommended.\"<\/p><p class=\"uagb-desc-text\">Thomas Martin<\/p><\/div>\n<\/div>\n\n\n\n<div class=\"wp-block-uagb-container uagb-layout-grid uagb-block-eb5f4682\">\n<div class=\"wp-block-uagb-image alignleft uagb-block-3ab59835 wp-block-uagb-image--layout-default wp-block-uagb-image--effect-static wp-block-uagb-image--align-left\"><figure class=\"wp-block-uagb-image__figure\"><img decoding=\"async\" srcset=\"https:\/\/rivieraalpsdrive.com\/wp-content\/uploads\/2024\/06\/testimonial-skip-02.jpg ,https:\/\/rivieraalpsdrive.com\/wp-content\/uploads\/2024\/06\/testimonial-skip-02.jpg 780w, https:\/\/rivieraalpsdrive.com\/wp-content\/uploads\/2024\/06\/testimonial-skip-02.jpg 360w\" sizes=\"auto, (max-width: 480px) 150px\" src=\"https:\/\/rivieraalpsdrive.com\/wp-content\/uploads\/2024\/06\/testimonial-skip-02.jpg\" alt=\"Testimonial Skip 02\" class=\"uag-image-151\" width=\"80\" height=\"80\" title=\"testimonial-skip-02\" loading=\"lazy\" role=\"img\"><\/figure><\/div>\n\n\n\n<div class=\"wp-block-uagb-advanced-heading uagb-block-245fb4a5\"><p class=\"uagb-heading-text\"><strong>\u2b50\ufe0f\u2b50\ufe0f\u2b50\ufe0f\u2b50\ufe0f\u2b50\ufe0f<\/strong><br>\"Very good driver, clean and comfortable vehicle.\"<\/p><p class=\"uagb-desc-text\"><strong>Emma Roux<\/strong><\/p><\/div>\n<\/div>\n\n\n\n<div class=\"wp-block-uagb-container uagb-layout-grid uagb-block-e2664f01\">\n<div class=\"wp-block-uagb-image alignleft uagb-block-400d846b wp-block-uagb-image--layout-default wp-block-uagb-image--effect-static wp-block-uagb-image--align-left\"><figure class=\"wp-block-uagb-image__figure\"><img decoding=\"async\" srcset=\"https:\/\/rivieraalpsdrive.com\/wp-content\/uploads\/2024\/06\/testimonial-skip-03.jpg ,https:\/\/rivieraalpsdrive.com\/wp-content\/uploads\/2024\/06\/testimonial-skip-03.jpg 780w, https:\/\/rivieraalpsdrive.com\/wp-content\/uploads\/2024\/06\/testimonial-skip-03.jpg 360w\" sizes=\"auto, (max-width: 480px) 150px\" src=\"https:\/\/rivieraalpsdrive.com\/wp-content\/uploads\/2024\/06\/testimonial-skip-03.jpg\" alt=\"Testimonial Skip 03\" class=\"uag-image-152\" width=\"80\" height=\"80\" title=\"testimonial-skip-03\" loading=\"lazy\" role=\"img\"><\/figure><\/div>\n\n\n\n<div class=\"wp-block-uagb-advanced-heading uagb-block-8c307fb4\"><p class=\"uagb-heading-text\"><strong>\u2b50\ufe0f\u2b50\ufe0f\u2b50\ufe0f\u2b50\ufe0f\u2b50\ufe0f<\/strong><br>\"Fast booking and professional service.\"<\/p><p class=\"uagb-desc-text\">Sophie Dubois<\/p><\/div>\n<\/div>\n<\/div>\n<\/div>\n<\/div><\/div>\n\n\n\n<div class=\"wp-block-uagb-container uagb-layout-grid uagb-block-29a0aaa8 alignfull uagb-is-root-container\"><div class=\"uagb-container-inner-blocks-wrap\">\n<div class=\"wp-block-uagb-advanced-heading uagb-block-42bca5dd\"><div class=\"uagb-separator\"><\/div><h2 class=\"uagb-heading-text\">Need a driver?<\/h2><\/div>\n\n\n\n<div class=\"wp-block-uagb-info-box uagb-block-620f6d21 uagb-infobox__content-wrap  uagb-infobox-icon-above-title uagb-infobox-image-valign-top\"><div class=\"uagb-ifb-content\"><div class=\"uagb-ifb-title-wrap\"><p class=\"uagb-ifb-title\">Book your ride now with Riviera Alps Drive.<\/p><\/div><div class=\"uagb-ifb-button-wrapper wp-block-button\"><a href=\"https:\/\/wa.me\/33610714212\" class=\"uagb-infobox-cta-link wp-block-button__link\" target=\"_self\" rel=\"noopener noreferrer\" onclick=\"return true;\"><span class=\"uagb-inline-editing\">Book Now<\/span><\/a><\/div><\/div><\/div>\n<\/div><\/div>\n\n\n\n<p><\/p>","protected":false},"excerpt":{"rendered":"<p>Transferts a\u00e9roport &amp; trajets priv\u00e9s sur toute la C\u00f4te d\u2019Azur R\u00e9servation rapide \u2013 R\u00e9ponse en quelques minutes \u00c0 Propos Un [&hellip;]<\/p>\n","protected":false},"author":1,"featured_media":0,"parent":0,"menu_order":0,"comment_status":"closed","ping_status":"closed","template":"","meta":{"_uag_custom_page_level_css":"","site-sidebar-layout":"default","site-content-layout":"","ast-site-content-layout":"default","site-content-style":"default","site-sidebar-style":"default","ast-global-header-display":"","ast-banner-title-visibility":"","ast-main-header-display":"","ast-hfb-above-header-display":"","ast-hfb-below-header-display":"","ast-hfb-mobile-header-display":"","site-post-title":"disabled","ast-breadcrumbs-content":"","ast-featured-img":"","footer-sml-layout":"","ast-disable-related-posts":"","theme-transparent-header-meta":"","adv-header-id-meta":"","stick-header-meta":"","header-above-stick-meta":"","header-main-stick-meta":"","header-below-stick-meta":"","astra-migrate-meta-layouts":"default","ast-page-background-enabled":"default","ast-page-background-meta":{"desktop":{"background-color":"var(--ast-global-color-4)","background-image":"","background-repeat":"repeat","background-position":"center center","background-size":"auto","background-attachment":"scroll","background-type":"","background-media":"","overlay-type":"","overlay-color":"","overlay-opacity":"","overlay-gradient":""},"tablet":{"background-color":"","background-image":"","background-repeat":"repeat","background-position":"center center","background-size":"auto","background-attachment":"scroll","background-type":"","background-media":"","overlay-type":"","overlay-color":"","overlay-opacity":"","overlay-gradient":""},"mobile":{"background-color":"","background-image":"","background-repeat":"repeat","background-position":"center center","background-size":"auto","background-attachment":"scroll","background-type":"","background-media":"","overlay-type":"","overlay-color":"","overlay-opacity":"","overlay-gradient":""}},"ast-content-background-meta":{"desktop":{"background-color":"var(--ast-global-color-5)","background-image":"","background-repeat":"repeat","background-position":"center center","background-size":"auto","background-attachment":"scroll","background-type":"","background-media":"","overlay-type":"","overlay-color":"","overlay-opacity":"","overlay-gradient":""},"tablet":{"background-color":"var(--ast-global-color-5)","background-image":"","background-repeat":"repeat","background-position":"center center","background-size":"auto","background-attachment":"scroll","background-type":"","background-media":"","overlay-type":"","overlay-color":"","overlay-opacity":"","overlay-gradient":""},"mobile":{"background-color":"var(--ast-global-color-5)","background-image":"","background-repeat":"repeat","background-position":"center center","background-size":"auto","background-attachment":"scroll","background-type":"","background-media":"","overlay-type":"","overlay-color":"","overlay-opacity":"","overlay-gradient":""}},"_joinchat":[],"footnotes":""},"class_list":["post-205","page","type-page","status-publish","hentry"],"uagb_featured_image_src":{"full":false,"thumbnail":false,"medium":false,"medium_large":false,"large":false,"1536x1536":false,"2048x2048":false,"trp-custom-language-flag":false},"uagb_author_info":{"display_name":"adminrivieraalps","author_link":"https:\/\/rivieraalpsdrive.com\/en\/author\/adminrivieraalps\/"},"uagb_comment_info":0,"uagb_excerpt":"Transferts a\u00e9roport &amp; trajets priv\u00e9s sur toute la C\u00f4te d\u2019Azur R\u00e9servation rapide \u2013 R\u00e9ponse en quelques minutes \u00c0 Propos Un [&hellip;]","_links":{"self":[{"href":"https:\/\/rivieraalpsdrive.com\/en\/wp-json\/wp\/v2\/pages\/205","targetHints":{"allow":["GET"]}}],"collection":[{"href":"https:\/\/rivieraalpsdrive.com\/en\/wp-json\/wp\/v2\/pages"}],"about":[{"href":"https:\/\/rivieraalpsdrive.com\/en\/wp-json\/wp\/v2\/types\/page"}],"author":[{"embeddable":true,"href":"https:\/\/rivieraalpsdrive.com\/en\/wp-json\/wp\/v2\/users\/1"}],"replies":[{"embeddable":true,"href":"https:\/\/rivieraalpsdrive.com\/en\/wp-json\/wp\/v2\/comments?post=205"}],"version-history":[{"count":83,"href":"https:\/\/rivieraalpsdrive.com\/en\/wp-json\/wp\/v2\/pages\/205\/revisions"}],"predecessor-version":[{"id":419,"href":"https:\/\/rivieraalpsdrive.com\/en\/wp-json\/wp\/v2\/pages\/205\/revisions\/419"}],"wp:attachment":[{"href":"https:\/\/rivieraalpsdrive.com\/en\/wp-json\/wp\/v2\/media?parent=205"}],"curies":[{"name":"wp","href":"https:\/\/api.w.org\/{rel}","templated":true}]}}